{"id":496,"date":"2021-09-10T10:53:56","date_gmt":"2021-09-10T10:53:56","guid":{"rendered":"https:\/\/corporatewear.nepgroup.ch\/starter\/produkt\/hoodie-mid-layer\/"},"modified":"2023-01-09T14:55:17","modified_gmt":"2023-01-09T14:55:17","slug":"hoodie-mid-layer","status":"publish","type":"product","link":"https:\/\/corporatewear.nepgroup.ch\/starter\/produkt\/hoodie-mid-layer\/","title":{"rendered":"Hoodie \/ Mid-Layer"},"content":{"rendered":"<p>Aufwendig verarbeitete Kapuzenjacke mit weichem, kontrastfarbigem Microfleece an der Innenseite, hochwertigem, kontrastfarbigem<br \/>\nFrontrei\u00dfverschluss, hochgeschnittener Kapuze mit kontrastfarbiger Kordel und hochwertigen Metall\u00f6sen. Alle Rei\u00dfverschl\u00fcsse und \u00d6sen von YKK\u00ae.<br \/>\nFormstabile Rippstrickb\u00fcndchen mit LYCRA\u00ae-Anteil, Einschubtaschen mit Rei\u00dfverschl\u00fcssen, Teilungsn\u00e4hte f\u00fcr perfekte Passform mit dekorativer<br \/>\nFlatlock-Steppung, kontrastfarbigem Halsspiegel und Nackenband. Hergestellt aus laminiertem 2-Lagen-Material mit einer Au\u00dfenseite aus feinem<br \/>\nSingle-Jersey aus langstapeliger, gek\u00e4mmter und ringgesponnener Baumwolle und einer Innenseite aus weichem Microfleece. <\/p>\n<p>Single-Jersey-Fleece-Laminat aus 55% Polyester und 45% Baumwolle, 340 g\/m\u00b2<\/p>\n","protected":false},"excerpt":{"rendered":"<p>Farbe: schwarz\/silber<\/p>\n","protected":false},"featured_media":151,"template":"","meta":{"ocean_post_layout":"","ocean_both_sidebars_style":"","ocean_both_sidebars_content_width":0,"ocean_both_sidebars_sidebars_width":0,"ocean_sidebar":"","ocean_second_sidebar":"","ocean_disable_margins":"enable","ocean_add_body_class":"","ocean_shortcode_before_top_bar":"","ocean_shortcode_after_top_bar":"","ocean_shortcode_before_header":"","ocean_shortcode_after_header":"","ocean_has_shortcode":"","ocean_shortcode_after_title":"","ocean_shortcode_before_footer_widgets":"","ocean_shortcode_after_footer_widgets":"","ocean_shortcode_before_footer_bottom":"","ocean_shortcode_after_footer_bottom":"","ocean_display_top_bar":"default","ocean_display_header":"default","ocean_header_style":"","ocean_center_header_left_menu":"","ocean_custom_header_template":"","ocean_custom_logo":0,"ocean_custom_retina_logo":0,"ocean_custom_logo_max_width":0,"ocean_custom_logo_tablet_max_width":0,"ocean_custom_logo_mobile_max_width":0,"ocean_custom_logo_max_height":0,"ocean_custom_logo_tablet_max_height":0,"ocean_custom_logo_mobile_max_height":0,"ocean_header_custom_menu":"","ocean_menu_typo_font_family":"","ocean_menu_typo_font_subset":"","ocean_menu_typo_font_size":0,"ocean_menu_typo_font_size_tablet":0,"ocean_menu_typo_font_size_mobile":0,"ocean_menu_typo_font_size_unit":"px","ocean_menu_typo_font_weight":"","ocean_menu_typo_font_weight_tablet":"","ocean_menu_typo_font_weight_mobile":"","ocean_menu_typo_transform":"","ocean_menu_typo_transform_tablet":"","ocean_menu_typo_transform_mobile":"","ocean_menu_typo_line_height":0,"ocean_menu_typo_line_height_tablet":0,"ocean_menu_typo_line_height_mobile":0,"ocean_menu_typo_line_height_unit":"","ocean_menu_typo_spacing":0,"ocean_menu_typo_spacing_tablet":0,"ocean_menu_typo_spacing_mobile":0,"ocean_menu_typo_spacing_unit":"","ocean_menu_link_color":"","ocean_menu_link_color_hover":"","ocean_menu_link_color_active":"","ocean_menu_link_background":"","ocean_menu_link_hover_background":"","ocean_menu_link_active_background":"","ocean_menu_social_links_bg":"","ocean_menu_social_hover_links_bg":"","ocean_menu_social_links_color":"","ocean_menu_social_hover_links_color":"","ocean_disable_title":"default","ocean_disable_heading":"default","ocean_post_title":"","ocean_post_subheading":"","ocean_post_title_style":"","ocean_post_title_background_color":"","ocean_post_title_background":0,"ocean_post_title_bg_image_position":"","ocean_post_title_bg_image_attachment":"","ocean_post_title_bg_image_repeat":"","ocean_post_title_bg_image_size":"","ocean_post_title_height":0,"ocean_post_title_bg_overlay":0.5,"ocean_post_title_bg_overlay_color":"","ocean_disable_breadcrumbs":"default","ocean_breadcrumbs_color":"","ocean_breadcrumbs_separator_color":"","ocean_breadcrumbs_links_color":"","ocean_breadcrumbs_links_hover_color":"","ocean_display_footer_widgets":"default","ocean_display_footer_bottom":"default","ocean_custom_footer_template":""},"product_brand":[],"product_cat":[19],"product_tag":[46],"class_list":{"0":"post-496","1":"product","2":"type-product","3":"status-publish","4":"has-post-thumbnail","6":"product_cat-nep-starter","7":"product_tag-nep","9":"entry","10":"has-media","12":"first","13":"instock","14":"taxable","15":"shipping-taxable","16":"purchasable","17":"product-type-variable","18":"col","19":"span_1_of_4","20":"owp-content-center","21":"owp-thumbs-layout-horizontal","22":"owp-btn-very-big","23":"owp-tabs-layout-horizontal"},"_links":{"self":[{"href":"https:\/\/corporatewear.nepgroup.ch\/starter\/wp-json\/wp\/v2\/product\/496","targetHints":{"allow":["GET"]}}],"collection":[{"href":"https:\/\/corporatewear.nepgroup.ch\/starter\/wp-json\/wp\/v2\/product"}],"about":[{"href":"https:\/\/corporatewear.nepgroup.ch\/starter\/wp-json\/wp\/v2\/types\/product"}],"wp:featuredmedia":[{"embeddable":true,"href":"https:\/\/corporatewear.nepgroup.ch\/starter\/wp-json\/wp\/v2\/media\/151"}],"wp:attachment":[{"href":"https:\/\/corporatewear.nepgroup.ch\/starter\/wp-json\/wp\/v2\/media?parent=496"}],"wp:term":[{"taxonomy":"product_brand","embeddable":true,"href":"https:\/\/corporatewear.nepgroup.ch\/starter\/wp-json\/wp\/v2\/product_brand?post=496"},{"taxonomy":"product_cat","embeddable":true,"href":"https:\/\/corporatewear.nepgroup.ch\/starter\/wp-json\/wp\/v2\/product_cat?post=496"},{"taxonomy":"product_tag","embeddable":true,"href":"https:\/\/corporatewear.nepgroup.ch\/starter\/wp-json\/wp\/v2\/product_tag?post=496"}],"curies":[{"name":"wp","href":"https:\/\/api.w.org\/{rel}","templated":true}]}}